{"id":79,"date":"2017-11-02T16:50:56","date_gmt":"2017-11-02T16:50:56","guid":{"rendered":"http:\/\/berber-shop.de\/?page_id=79"},"modified":"2019-08-29T14:46:54","modified_gmt":"2019-08-29T14:46:54","slug":"ueber-uns","status":"publish","type":"page","link":"https:\/\/berber-shop.de\/?page_id=79","title":{"rendered":"\u00dcber uns"},"content":{"rendered":"\n<p style=\"background-color:#c9b79d\" class=\"has-background\">\u201e<strong>Berber Shop<\/strong>\u201c wurde 2014 von mir, Fouad moro Azizi in M\u00fcnchen gegr\u00fcndet. Geboren 1966 in Agadir im S\u00fcden Marokkos hatte ich schon als Kind Ber\u00fchrung zu den legend\u00e4ren B\u00e4umen, aus deren Fr\u00fcchten das Argan\u00f6l gewonnen wird. Sie liegen alle als einzelne, abgeschlossene Arganerien im Atlasgebirge, nur etwa 5 Km von Agadir entfernt. Die B\u00e4ume, die Fr\u00fcchte und die \u00d6lgewinnung sind mir daher seit meiner Jugend sehr vertraut.<\/p>\n\n\n\n<div class=\"wp-block-image\"><figure class=\"aligncenter\"><img decoding=\"async\" src=\"http:\/\/berber-shop.de\/wp-content\/uploads\/2017\/11\/DSC_0162.jpg\" alt=\"\" class=\"wp-image-243\"\/><\/figure><\/div>\n\n\n\n<p style=\"background-color:#c9b79d\" class=\"has-background\">Es war f\u00fcr mich schon etwas Besonderes, so ein seltenes nat\u00fcrliches Produkt unmittelbar vor meiner Haust\u00fcr zu wissen. Die Argann\u00fcsse und das daraus gewonnene Argan\u00f6l werden f\u00fcr mich immer meine Heimat bedeuten, verbunden mit den intensiven Kindheitserlebnissen in der Natur und im Schatten der seltenen B\u00e4ume.<\/p>\n\n\n\n<p style=\"background-color:#c9b79d\" class=\"has-background\">1997 habe ich dann meinen Wohnsitz von Agadir nach M\u00fcnchen verlegt. Nach mehreren Jahren T\u00e4tigkeit in der EDV bin ich nun selbst\u00e4ndig. Ein wichtiger Teil meiner Familie, die ich bei meinen Lieferantenbesuchen regelm\u00e4\u00dfig sehe, lebt weiterhin in Agadir.<\/p>\n\n\n\n<div class=\"wp-block-image\"><figure class=\"aligncenter\"><img loading=\"lazy\" decoding=\"async\" width=\"600\" height=\"400\" src=\"http:\/\/berber-shop.de\/wp-content\/uploads\/2017\/11\/DSC_0096.jpg\" alt=\"\" class=\"wp-image-235\" srcset=\"https:\/\/berber-shop.de\/wp-content\/uploads\/2017\/11\/DSC_0096.jpg 600w, https:\/\/berber-shop.de\/wp-content\/uploads\/2017\/11\/DSC_0096-300x200.jpg 300w\" sizes=\"auto, (max-width: 600px) 100vw, 600px\" \/><figcaption>Beim Kauf eines Berber-zeltes in der N\u00e4he von marakkesch<\/figcaption><\/figure><\/div>\n\n\n\n<p style=\"background-color:#c9b79d\" class=\"has-background\">Seit meiner Firmengr\u00fcndung des Berbershops beziehe ich mein Argan\u00f6l ausschlie\u00dflich aus einer Arganerie der Ortschaft Taliouine. Sie befindet sich nahe bei Agadir. Das \u00d6l erf\u00fchlt die h\u00f6chsten Anspr\u00fcche eines nat\u00fcrlichen, biologischen Produktes und wird selbstverst\u00e4ndlich nur handgepresst. Die Frauenkooperative, die f\u00fcr mich das \u00d6l nach traditionelle Art gewinnt, arbeitet zu fairen wirtschaftlichen Bedingungen und bezieht dabei alle gesetzlichen Auflagen und EU Normen mit ein und ist zertifiziert.<\/p>\n\n\n\n<p style=\"background-color:#c9b79d\" class=\"has-background\">Bei der Auswahl meines Lieferanten war mir auch wichtig, dass neben dem wirtschaftlichen Zweck auch weitere wichtige Voraussetzungen und Ziele beachtet werden :<\/p>\n\n\n\n<div class=\"wp-block-image\"><figure class=\"aligncenter\"><img decoding=\"async\" src=\"http:\/\/berber-shop.de\/wp-content\/uploads\/2017\/11\/DSC_0200.jpg\" alt=\"\" class=\"wp-image-251\"\/><figcaption>Handarbeit<\/figcaption><\/figure><\/div>\n\n\n\n<p style=\"background-color:#c9b79d\" class=\"has-background\">soziales Engagement, Qualitative und \u00d6kologische Ziele<\/p>\n\n\n\n<ul class=\"wp-block-list\"><li>nachhaltiges und langfristiges Engagement in der Bek\u00e4mpfung der Armut in den betroffenen l\u00e4ndlichen Regionen<\/li><li>F\u00f6rderung des Status der Frauen in den l\u00e4ndlichen Regionen<\/li><li>St\u00e4rkung der Kaufkraft der Bev\u00f6lkerung in den entsprechenden Regionen<\/li><li>stetiger Blick auf eine hohe Produktqualit\u00e4t im Rahmen der Herstellung des \u00d6ls<\/li><li>Verpflichtung zu einer hohen qualitativen Wettbewerbsf\u00e4higkeit der Produkte in Bezug zu \u00e4hnlichen Produkten auf dem Markt<\/li><li>langfristiger Schutz des heimischen Arganbaumbestandes durch die Weiterentwicklung der Produkte aus dem Argan\u00f6l<\/li><li>als Folge Verbesserung der Lebensbedingungen der Bev\u00f6lkerung in der Arganerie<\/li><\/ul>\n\n\n\n<div class=\"wp-block-image\"><figure class=\"aligncenter\"><img decoding=\"async\" src=\"http:\/\/berber-shop.de\/wp-content\/uploads\/2017\/11\/DSC_0183.jpg\" alt=\"\" class=\"wp-image-247\"\/><\/figure><\/div>\n\n\n\n<p style=\"background-color:#c9b79d\" class=\"has-background\">Neben Argan\u00f6l f\u00fchrt Berber Shop auch andere Produkte, die alle in Handarbeit hergestellt werden.<\/p>\n","protected":false},"excerpt":{"rendered":"<p>\u201eBerber Shop\u201c wurde 2014 von mir, Fouad moro Azizi in M\u00fcnchen gegr\u00fcndet. Geboren 1966 in Agadir im S\u00fcden Marokkos hatte ich schon als Kind Ber\u00fchrung zu den legend\u00e4ren B\u00e4umen, aus deren Fr\u00fcchten das Argan\u00f6l gewonnen wird. Sie liegen alle als einzelne, abgeschlossene Arganerien im Atlasgebirge, nur etwa 5 Km von Agadir entfernt. Die B\u00e4ume, die [&hellip;]<\/p>\n","protected":false},"author":1,"featured_media":0,"parent":0,"menu_order":0,"comment_status":"closed","ping_status":"closed","template":"","meta":{"footnotes":""},"class_list":["post-79","page","type-page","status-publish","hentry"],"yoast_head":"<!-- This site is optimized with the Yoast SEO plugin v27.6 - https:\/\/yoast.com\/product\/yoast-seo-wordpress\/ -->\n<title>\u00dcber uns - BererbShop<\/title>\n<meta name=\"robots\" content=\"index, follow, max-snippet:-1, max-image-preview:large, max-video-preview:-1\" \/>\n<link rel=\"canonical\" href=\"https:\/\/berber-shop.de\/?page_id=79\" \/>\n<meta property=\"og:locale\" content=\"de_DE\" \/>\n<meta property=\"og:type\" content=\"article\" \/>\n<meta property=\"og:title\" content=\"\u00dcber uns - BererbShop\" \/>\n<meta property=\"og:description\" content=\"\u201eBerber Shop\u201c wurde 2014 von mir, Fouad moro Azizi in M\u00fcnchen gegr\u00fcndet. Geboren 1966 in Agadir im S\u00fcden Marokkos hatte ich schon als Kind Ber\u00fchrung zu den legend\u00e4ren B\u00e4umen, aus deren Fr\u00fcchten das Argan\u00f6l gewonnen wird. Sie liegen alle als einzelne, abgeschlossene Arganerien im Atlasgebirge, nur etwa 5 Km von Agadir entfernt. Die B\u00e4ume, die [&hellip;]\" \/>\n<meta property=\"og:url\" content=\"https:\/\/berber-shop.de\/?page_id=79\" \/>\n<meta property=\"og:site_name\" content=\"BererbShop\" \/>\n<meta property=\"article:modified_time\" content=\"2019-08-29T14:46:54+00:00\" \/>\n<meta property=\"og:image\" content=\"http:\/\/berber-shop.de\/wp-content\/uploads\/2017\/11\/DSC_0162.jpg\" \/>\n<meta name=\"twitter:card\" content=\"summary_large_image\" \/>\n<meta name=\"twitter:label1\" content=\"Gesch\u00e4tzte Lesezeit\" \/>\n\t<meta name=\"twitter:data1\" content=\"2\u00a0Minuten\" \/>\n<script type=\"application\/ld+json\" class=\"yoast-schema-graph\">{\"@context\":\"https:\\\/\\\/schema.org\",\"@graph\":[{\"@type\":\"WebPage\",\"@id\":\"https:\\\/\\\/berber-shop.de\\\/?page_id=79\",\"url\":\"https:\\\/\\\/berber-shop.de\\\/?page_id=79\",\"name\":\"\u00dcber uns - BererbShop\",\"isPartOf\":{\"@id\":\"https:\\\/\\\/berber-shop.de\\\/#website\"},\"primaryImageOfPage\":{\"@id\":\"https:\\\/\\\/berber-shop.de\\\/?page_id=79#primaryimage\"},\"image\":{\"@id\":\"https:\\\/\\\/berber-shop.de\\\/?page_id=79#primaryimage\"},\"thumbnailUrl\":\"http:\\\/\\\/berber-shop.de\\\/wp-content\\\/uploads\\\/2017\\\/11\\\/DSC_0162.jpg\",\"datePublished\":\"2017-11-02T16:50:56+00:00\",\"dateModified\":\"2019-08-29T14:46:54+00:00\",\"breadcrumb\":{\"@id\":\"https:\\\/\\\/berber-shop.de\\\/?page_id=79#breadcrumb\"},\"inLanguage\":\"de\",\"potentialAction\":[{\"@type\":\"ReadAction\",\"target\":[\"https:\\\/\\\/berber-shop.de\\\/?page_id=79\"]}]},{\"@type\":\"ImageObject\",\"inLanguage\":\"de\",\"@id\":\"https:\\\/\\\/berber-shop.de\\\/?page_id=79#primaryimage\",\"url\":\"http:\\\/\\\/berber-shop.de\\\/wp-content\\\/uploads\\\/2017\\\/11\\\/DSC_0162.jpg\",\"contentUrl\":\"http:\\\/\\\/berber-shop.de\\\/wp-content\\\/uploads\\\/2017\\\/11\\\/DSC_0162.jpg\"},{\"@type\":\"BreadcrumbList\",\"@id\":\"https:\\\/\\\/berber-shop.de\\\/?page_id=79#breadcrumb\",\"itemListElement\":[{\"@type\":\"ListItem\",\"position\":1,\"name\":\"Startseite\",\"item\":\"https:\\\/\\\/berber-shop.de\\\/\"},{\"@type\":\"ListItem\",\"position\":2,\"name\":\"\u00dcber uns\"}]},{\"@type\":\"WebSite\",\"@id\":\"https:\\\/\\\/berber-shop.de\\\/#website\",\"url\":\"https:\\\/\\\/berber-shop.de\\\/\",\"name\":\"BererbShop\",\"description\":\"Aus Liebe zur Natur\",\"publisher\":{\"@id\":\"https:\\\/\\\/berber-shop.de\\\/#organization\"},\"potentialAction\":[{\"@type\":\"SearchAction\",\"target\":{\"@type\":\"EntryPoint\",\"urlTemplate\":\"https:\\\/\\\/berber-shop.de\\\/?s={search_term_string}\"},\"query-input\":{\"@type\":\"PropertyValueSpecification\",\"valueRequired\":true,\"valueName\":\"search_term_string\"}}],\"inLanguage\":\"de\"},{\"@type\":\"Organization\",\"@id\":\"https:\\\/\\\/berber-shop.de\\\/#organization\",\"name\":\"BererbShop\",\"url\":\"https:\\\/\\\/berber-shop.de\\\/\",\"logo\":{\"@type\":\"ImageObject\",\"inLanguage\":\"de\",\"@id\":\"https:\\\/\\\/berber-shop.de\\\/#\\\/schema\\\/logo\\\/image\\\/\",\"url\":\"https:\\\/\\\/berber-shop.de\\\/wp-content\\\/uploads\\\/2017\\\/11\\\/Logo_BerberShop-Original-Kopie.png\",\"contentUrl\":\"https:\\\/\\\/berber-shop.de\\\/wp-content\\\/uploads\\\/2017\\\/11\\\/Logo_BerberShop-Original-Kopie.png\",\"width\":200,\"height\":84,\"caption\":\"BererbShop\"},\"image\":{\"@id\":\"https:\\\/\\\/berber-shop.de\\\/#\\\/schema\\\/logo\\\/image\\\/\"}}]}<\/script>\n<!-- \/ Yoast SEO plugin. -->","yoast_head_json":{"title":"\u00dcber uns - BererbShop","robots":{"index":"index","follow":"follow","max-snippet":"max-snippet:-1","max-image-preview":"max-image-preview:large","max-video-preview":"max-video-preview:-1"},"canonical":"https:\/\/berber-shop.de\/?page_id=79","og_locale":"de_DE","og_type":"article","og_title":"\u00dcber uns - BererbShop","og_description":"\u201eBerber Shop\u201c wurde 2014 von mir, Fouad moro Azizi in M\u00fcnchen gegr\u00fcndet. Geboren 1966 in Agadir im S\u00fcden Marokkos hatte ich schon als Kind Ber\u00fchrung zu den legend\u00e4ren B\u00e4umen, aus deren Fr\u00fcchten das Argan\u00f6l gewonnen wird. Sie liegen alle als einzelne, abgeschlossene Arganerien im Atlasgebirge, nur etwa 5 Km von Agadir entfernt. Die B\u00e4ume, die [&hellip;]","og_url":"https:\/\/berber-shop.de\/?page_id=79","og_site_name":"BererbShop","article_modified_time":"2019-08-29T14:46:54+00:00","og_image":[{"url":"http:\/\/berber-shop.de\/wp-content\/uploads\/2017\/11\/DSC_0162.jpg","type":"","width":"","height":""}],"twitter_card":"summary_large_image","twitter_misc":{"Gesch\u00e4tzte Lesezeit":"2\u00a0Minuten"},"schema":{"@context":"https:\/\/schema.org","@graph":[{"@type":"WebPage","@id":"https:\/\/berber-shop.de\/?page_id=79","url":"https:\/\/berber-shop.de\/?page_id=79","name":"\u00dcber uns - BererbShop","isPartOf":{"@id":"https:\/\/berber-shop.de\/#website"},"primaryImageOfPage":{"@id":"https:\/\/berber-shop.de\/?page_id=79#primaryimage"},"image":{"@id":"https:\/\/berber-shop.de\/?page_id=79#primaryimage"},"thumbnailUrl":"http:\/\/berber-shop.de\/wp-content\/uploads\/2017\/11\/DSC_0162.jpg","datePublished":"2017-11-02T16:50:56+00:00","dateModified":"2019-08-29T14:46:54+00:00","breadcrumb":{"@id":"https:\/\/berber-shop.de\/?page_id=79#breadcrumb"},"inLanguage":"de","potentialAction":[{"@type":"ReadAction","target":["https:\/\/berber-shop.de\/?page_id=79"]}]},{"@type":"ImageObject","inLanguage":"de","@id":"https:\/\/berber-shop.de\/?page_id=79#primaryimage","url":"http:\/\/berber-shop.de\/wp-content\/uploads\/2017\/11\/DSC_0162.jpg","contentUrl":"http:\/\/berber-shop.de\/wp-content\/uploads\/2017\/11\/DSC_0162.jpg"},{"@type":"BreadcrumbList","@id":"https:\/\/berber-shop.de\/?page_id=79#breadcrumb","itemListElement":[{"@type":"ListItem","position":1,"name":"Startseite","item":"https:\/\/berber-shop.de\/"},{"@type":"ListItem","position":2,"name":"\u00dcber uns"}]},{"@type":"WebSite","@id":"https:\/\/berber-shop.de\/#website","url":"https:\/\/berber-shop.de\/","name":"BererbShop","description":"Aus Liebe zur Natur","publisher":{"@id":"https:\/\/berber-shop.de\/#organization"},"potentialAction":[{"@type":"SearchAction","target":{"@type":"EntryPoint","urlTemplate":"https:\/\/berber-shop.de\/?s={search_term_string}"},"query-input":{"@type":"PropertyValueSpecification","valueRequired":true,"valueName":"search_term_string"}}],"inLanguage":"de"},{"@type":"Organization","@id":"https:\/\/berber-shop.de\/#organization","name":"BererbShop","url":"https:\/\/berber-shop.de\/","logo":{"@type":"ImageObject","inLanguage":"de","@id":"https:\/\/berber-shop.de\/#\/schema\/logo\/image\/","url":"https:\/\/berber-shop.de\/wp-content\/uploads\/2017\/11\/Logo_BerberShop-Original-Kopie.png","contentUrl":"https:\/\/berber-shop.de\/wp-content\/uploads\/2017\/11\/Logo_BerberShop-Original-Kopie.png","width":200,"height":84,"caption":"BererbShop"},"image":{"@id":"https:\/\/berber-shop.de\/#\/schema\/logo\/image\/"}}]}},"_links":{"self":[{"href":"https:\/\/berber-shop.de\/index.php?rest_route=\/wp\/v2\/pages\/79","targetHints":{"allow":["GET"]}}],"collection":[{"href":"https:\/\/berber-shop.de\/index.php?rest_route=\/wp\/v2\/pages"}],"about":[{"href":"https:\/\/berber-shop.de\/index.php?rest_route=\/wp\/v2\/types\/page"}],"author":[{"embeddable":true,"href":"https:\/\/berber-shop.de\/index.php?rest_route=\/wp\/v2\/users\/1"}],"replies":[{"embeddable":true,"href":"https:\/\/berber-shop.de\/index.php?rest_route=%2Fwp%2Fv2%2Fcomments&post=79"}],"version-history":[{"count":35,"href":"https:\/\/berber-shop.de\/index.php?rest_route=\/wp\/v2\/pages\/79\/revisions"}],"predecessor-version":[{"id":430,"href":"https:\/\/berber-shop.de\/index.php?rest_route=\/wp\/v2\/pages\/79\/revisions\/430"}],"wp:attachment":[{"href":"https:\/\/berber-shop.de\/index.php?rest_route=%2Fwp%2Fv2%2Fmedia&parent=79"}],"curies":[{"name":"wp","href":"https:\/\/api.w.org\/{rel}","templated":true}]}}