{"id":89,"date":"2017-11-02T17:08:23","date_gmt":"2017-11-02T17:08:23","guid":{"rendered":"http:\/\/berber-shop.de\/?page_id=89"},"modified":"2026-03-25T16:38:01","modified_gmt":"2026-03-25T16:38:01","slug":"starseite","status":"publish","type":"page","link":"https:\/\/berber-shop.de\/","title":{"rendered":"Starseite"},"content":{"rendered":"<p><a href=\"http:\/\/berber-shop.de\/wp-content\/uploads\/2017\/11\/DSC_0549.jpg\"><img loading=\"lazy\" decoding=\"async\" class=\"alignnone wp-image-323 size-medium\" src=\"http:\/\/berber-shop.de\/wp-content\/uploads\/2017\/11\/DSC_0549-300x200.jpg\" alt=\"\" width=\"300\" height=\"200\" srcset=\"https:\/\/berber-shop.de\/wp-content\/uploads\/2017\/11\/DSC_0549-300x200.jpg 300w, https:\/\/berber-shop.de\/wp-content\/uploads\/2017\/11\/DSC_0549.jpg 600w\" sizes=\"auto, (max-width: 300px) 100vw, 300px\" \/><\/a>Berber shop ist ein Unternehmen mit h\u00f6chsten Anspr\u00fcchen und hat sich in den vergangenen Jahren als Lieferant pflanzlicher \u00d6le f\u00fcr den Gro\u00df- und Einzelhandel etabliert.<\/p>\r\n<p>Da uns Nachhaltigkeit am Herzen liegt, achten wir sorgf\u00e4ltig darauf, dass es sich bei den von uns vertriebenen Produkten um nat\u00fcrliche und nachwachsende Rohstoffe aus kontrolliert biologischem Anbau handelt.<\/p>\r\n<p>Mit unserer fachspezifischen Kompetenz, klaren Vorstellungen in Fragen der Qualit\u00e4t und strengen Pr\u00fcfungen diesbez\u00fcglich garantieren wir einen hohen Qualit\u00e4tsstandard unserer Produkte, der unseren Kunden zugute kommt.<\/p>\r\n<p><a href=\"http:\/\/berber-shop.de\/wp-content\/uploads\/2017\/11\/DSC_0535-2.jpg\"><img loading=\"lazy\" decoding=\"async\" class=\"alignnone wp-image-333 size-medium\" src=\"http:\/\/berber-shop.de\/wp-content\/uploads\/2017\/11\/DSC_0535-2-300x200.jpg\" alt=\"\" width=\"300\" height=\"200\" srcset=\"https:\/\/berber-shop.de\/wp-content\/uploads\/2017\/11\/DSC_0535-2-300x200.jpg 300w, https:\/\/berber-shop.de\/wp-content\/uploads\/2017\/11\/DSC_0535-2.jpg 600w\" sizes=\"auto, (max-width: 300px) 100vw, 300px\" \/><\/a>Lassen Sie sich wie viele andere zufriedene Kunden von unserer Arbeit \u00fcberzeugen und profitieren Sie von unseren Servicemaximen f\u00fcr langfristige Zusammenarbeit: Vertrauen \u2013 Transparenz \u2013 Kundenzufriedenheit \u2013 und nat\u00fcrlich der hochwertigen Qualit\u00e4t unserer Produkte.<\/p>\r\n<p>Fairness wird bei uns gro\u00df geschrieben und ist Teil unserer t\u00e4glichen Unternehmenspolitik. Daher garantieren wir faire Preise f\u00fcr unsere Handelspartner. Unsere Beziehungen zu diesen basieren auf engen Kontakten, Vertrauen und Zuverl\u00e4ssigkeit. Nur so ist eine langfristige und nachhaltige Zusammenarbeit m\u00f6glich, was die Erf\u00fcllung h\u00f6chster Qualit\u00e4tsstandards f\u00fcr unsere Kunden gew\u00e4hrleistet.<\/p>\r\n<p><em><strong>Berber:<\/strong> Oasen, bl\u00fchende T\u00e4ler, raue Gipfel, karge Hochebenen, aber auch befestigte St\u00e4dte: Der S\u00fcden Marokkos ist die Heimat der Berber. Die seit tausenden von Jahren in Nordafrika ans\u00e4ssige Volksgruppe hat dieses Gebirgstal mit ihrem einzigartigen Stil gepr\u00e4gt, St\u00e4dte und D\u00f6rfer mit rot strahlenden Ockerfarben geschm\u00fcckt und sich im Laufe der Geschichte gegen alle Eroberungsversuche erfolgreich verteidigt.<\/em><\/p>\r\n<p>Um die Kultur und\u00a0Geschichte\u00a0eines Landes wie Marokko zu entdecken und sich mit den Urspr\u00fcngen vertraut zu machen, lohnt sich ein Besuch der vielen Museen im K\u00f6nigreich. Jede\u00a0Region\u00a0ist stolz auf ihre Besonderheiten. Bestickte Stoffe, Keramik, Schmuck, Holzschnitzereien und Lederwaren sind die Prunkst\u00fccke marokkanischer Handwerkskunst.<\/p>\r\n\r\n<p>&nbsp;<\/p>\r\n","protected":false},"excerpt":{"rendered":"<p>Berber shop ist ein Unternehmen mit h\u00f6chsten Anspr\u00fcchen und hat sich in den vergangenen Jahren als Lieferant pflanzlicher \u00d6le f\u00fcr den Gro\u00df- und Einzelhandel etabliert. Da uns Nachhaltigkeit am Herzen liegt, achten wir sorgf\u00e4ltig darauf, dass es sich bei den von uns vertriebenen Produkten um nat\u00fcrliche und nachwachsende Rohstoffe aus kontrolliert biologischem Anbau handelt. Mit [&hellip;]<\/p>\n","protected":false},"author":1,"featured_media":0,"parent":0,"menu_order":0,"comment_status":"closed","ping_status":"closed","template":"","meta":{"footnotes":""},"class_list":["post-89","page","type-page","status-publish","hentry"],"yoast_head":"<!-- This site is optimized with the Yoast SEO plugin v27.4 - https:\/\/yoast.com\/product\/yoast-seo-wordpress\/ -->\n<title>Starseite - BererbShop<\/title>\n<meta name=\"robots\" content=\"index, follow, max-snippet:-1, max-image-preview:large, max-video-preview:-1\" \/>\n<link rel=\"canonical\" href=\"https:\/\/berber-shop.de\/\" \/>\n<meta property=\"og:locale\" content=\"de_DE\" \/>\n<meta property=\"og:type\" content=\"article\" \/>\n<meta property=\"og:title\" content=\"Starseite - BererbShop\" \/>\n<meta property=\"og:description\" content=\"Berber shop ist ein Unternehmen mit h\u00f6chsten Anspr\u00fcchen und hat sich in den vergangenen Jahren als Lieferant pflanzlicher \u00d6le f\u00fcr den Gro\u00df- und Einzelhandel etabliert. Da uns Nachhaltigkeit am Herzen liegt, achten wir sorgf\u00e4ltig darauf, dass es sich bei den von uns vertriebenen Produkten um nat\u00fcrliche und nachwachsende Rohstoffe aus kontrolliert biologischem Anbau handelt. Mit [&hellip;]\" \/>\n<meta property=\"og:url\" content=\"https:\/\/berber-shop.de\/\" \/>\n<meta property=\"og:site_name\" content=\"BererbShop\" \/>\n<meta property=\"article:modified_time\" content=\"2026-03-25T16:38:01+00:00\" \/>\n<meta property=\"og:image\" content=\"http:\/\/berber-shop.de\/wp-content\/uploads\/2017\/11\/DSC_0549-300x200.jpg\" \/>\n<meta name=\"twitter:card\" content=\"summary_large_image\" \/>\n<meta name=\"twitter:label1\" content=\"Gesch\u00e4tzte Lesezeit\" \/>\n\t<meta name=\"twitter:data1\" content=\"2\u00a0Minuten\" \/>\n<script type=\"application\/ld+json\" class=\"yoast-schema-graph\">{\"@context\":\"https:\\\/\\\/schema.org\",\"@graph\":[{\"@type\":\"WebPage\",\"@id\":\"https:\\\/\\\/berber-shop.de\\\/\",\"url\":\"https:\\\/\\\/berber-shop.de\\\/\",\"name\":\"Starseite - BererbShop\",\"isPartOf\":{\"@id\":\"https:\\\/\\\/berber-shop.de\\\/#website\"},\"primaryImageOfPage\":{\"@id\":\"https:\\\/\\\/berber-shop.de\\\/#primaryimage\"},\"image\":{\"@id\":\"https:\\\/\\\/berber-shop.de\\\/#primaryimage\"},\"thumbnailUrl\":\"http:\\\/\\\/berber-shop.de\\\/wp-content\\\/uploads\\\/2017\\\/11\\\/DSC_0549-300x200.jpg\",\"datePublished\":\"2017-11-02T17:08:23+00:00\",\"dateModified\":\"2026-03-25T16:38:01+00:00\",\"breadcrumb\":{\"@id\":\"https:\\\/\\\/berber-shop.de\\\/#breadcrumb\"},\"inLanguage\":\"de\",\"potentialAction\":[{\"@type\":\"ReadAction\",\"target\":[\"https:\\\/\\\/berber-shop.de\\\/\"]}]},{\"@type\":\"ImageObject\",\"inLanguage\":\"de\",\"@id\":\"https:\\\/\\\/berber-shop.de\\\/#primaryimage\",\"url\":\"https:\\\/\\\/berber-shop.de\\\/wp-content\\\/uploads\\\/2017\\\/11\\\/DSC_0549.jpg\",\"contentUrl\":\"https:\\\/\\\/berber-shop.de\\\/wp-content\\\/uploads\\\/2017\\\/11\\\/DSC_0549.jpg\",\"width\":600,\"height\":400},{\"@type\":\"BreadcrumbList\",\"@id\":\"https:\\\/\\\/berber-shop.de\\\/#breadcrumb\",\"itemListElement\":[{\"@type\":\"ListItem\",\"position\":1,\"name\":\"Startseite\",\"item\":\"https:\\\/\\\/berber-shop.de\\\/\"},{\"@type\":\"ListItem\",\"position\":2,\"name\":\"Starseite\"}]},{\"@type\":\"WebSite\",\"@id\":\"https:\\\/\\\/berber-shop.de\\\/#website\",\"url\":\"https:\\\/\\\/berber-shop.de\\\/\",\"name\":\"BererbShop\",\"description\":\"Aus Liebe zur Natur\",\"publisher\":{\"@id\":\"https:\\\/\\\/berber-shop.de\\\/#organization\"},\"potentialAction\":[{\"@type\":\"SearchAction\",\"target\":{\"@type\":\"EntryPoint\",\"urlTemplate\":\"https:\\\/\\\/berber-shop.de\\\/?s={search_term_string}\"},\"query-input\":{\"@type\":\"PropertyValueSpecification\",\"valueRequired\":true,\"valueName\":\"search_term_string\"}}],\"inLanguage\":\"de\"},{\"@type\":\"Organization\",\"@id\":\"https:\\\/\\\/berber-shop.de\\\/#organization\",\"name\":\"BererbShop\",\"url\":\"https:\\\/\\\/berber-shop.de\\\/\",\"logo\":{\"@type\":\"ImageObject\",\"inLanguage\":\"de\",\"@id\":\"https:\\\/\\\/berber-shop.de\\\/#\\\/schema\\\/logo\\\/image\\\/\",\"url\":\"https:\\\/\\\/berber-shop.de\\\/wp-content\\\/uploads\\\/2017\\\/11\\\/Logo_BerberShop-Original-Kopie.png\",\"contentUrl\":\"https:\\\/\\\/berber-shop.de\\\/wp-content\\\/uploads\\\/2017\\\/11\\\/Logo_BerberShop-Original-Kopie.png\",\"width\":200,\"height\":84,\"caption\":\"BererbShop\"},\"image\":{\"@id\":\"https:\\\/\\\/berber-shop.de\\\/#\\\/schema\\\/logo\\\/image\\\/\"}}]}<\/script>\n<!-- \/ Yoast SEO plugin. -->","yoast_head_json":{"title":"Starseite - BererbShop","robots":{"index":"index","follow":"follow","max-snippet":"max-snippet:-1","max-image-preview":"max-image-preview:large","max-video-preview":"max-video-preview:-1"},"canonical":"https:\/\/berber-shop.de\/","og_locale":"de_DE","og_type":"article","og_title":"Starseite - BererbShop","og_description":"Berber shop ist ein Unternehmen mit h\u00f6chsten Anspr\u00fcchen und hat sich in den vergangenen Jahren als Lieferant pflanzlicher \u00d6le f\u00fcr den Gro\u00df- und Einzelhandel etabliert. Da uns Nachhaltigkeit am Herzen liegt, achten wir sorgf\u00e4ltig darauf, dass es sich bei den von uns vertriebenen Produkten um nat\u00fcrliche und nachwachsende Rohstoffe aus kontrolliert biologischem Anbau handelt. Mit [&hellip;]","og_url":"https:\/\/berber-shop.de\/","og_site_name":"BererbShop","article_modified_time":"2026-03-25T16:38:01+00:00","og_image":[{"url":"http:\/\/berber-shop.de\/wp-content\/uploads\/2017\/11\/DSC_0549-300x200.jpg","type":"","width":"","height":""}],"twitter_card":"summary_large_image","twitter_misc":{"Gesch\u00e4tzte Lesezeit":"2\u00a0Minuten"},"schema":{"@context":"https:\/\/schema.org","@graph":[{"@type":"WebPage","@id":"https:\/\/berber-shop.de\/","url":"https:\/\/berber-shop.de\/","name":"Starseite - BererbShop","isPartOf":{"@id":"https:\/\/berber-shop.de\/#website"},"primaryImageOfPage":{"@id":"https:\/\/berber-shop.de\/#primaryimage"},"image":{"@id":"https:\/\/berber-shop.de\/#primaryimage"},"thumbnailUrl":"http:\/\/berber-shop.de\/wp-content\/uploads\/2017\/11\/DSC_0549-300x200.jpg","datePublished":"2017-11-02T17:08:23+00:00","dateModified":"2026-03-25T16:38:01+00:00","breadcrumb":{"@id":"https:\/\/berber-shop.de\/#breadcrumb"},"inLanguage":"de","potentialAction":[{"@type":"ReadAction","target":["https:\/\/berber-shop.de\/"]}]},{"@type":"ImageObject","inLanguage":"de","@id":"https:\/\/berber-shop.de\/#primaryimage","url":"https:\/\/berber-shop.de\/wp-content\/uploads\/2017\/11\/DSC_0549.jpg","contentUrl":"https:\/\/berber-shop.de\/wp-content\/uploads\/2017\/11\/DSC_0549.jpg","width":600,"height":400},{"@type":"BreadcrumbList","@id":"https:\/\/berber-shop.de\/#breadcrumb","itemListElement":[{"@type":"ListItem","position":1,"name":"Startseite","item":"https:\/\/berber-shop.de\/"},{"@type":"ListItem","position":2,"name":"Starseite"}]},{"@type":"WebSite","@id":"https:\/\/berber-shop.de\/#website","url":"https:\/\/berber-shop.de\/","name":"BererbShop","description":"Aus Liebe zur Natur","publisher":{"@id":"https:\/\/berber-shop.de\/#organization"},"potentialAction":[{"@type":"SearchAction","target":{"@type":"EntryPoint","urlTemplate":"https:\/\/berber-shop.de\/?s={search_term_string}"},"query-input":{"@type":"PropertyValueSpecification","valueRequired":true,"valueName":"search_term_string"}}],"inLanguage":"de"},{"@type":"Organization","@id":"https:\/\/berber-shop.de\/#organization","name":"BererbShop","url":"https:\/\/berber-shop.de\/","logo":{"@type":"ImageObject","inLanguage":"de","@id":"https:\/\/berber-shop.de\/#\/schema\/logo\/image\/","url":"https:\/\/berber-shop.de\/wp-content\/uploads\/2017\/11\/Logo_BerberShop-Original-Kopie.png","contentUrl":"https:\/\/berber-shop.de\/wp-content\/uploads\/2017\/11\/Logo_BerberShop-Original-Kopie.png","width":200,"height":84,"caption":"BererbShop"},"image":{"@id":"https:\/\/berber-shop.de\/#\/schema\/logo\/image\/"}}]}},"_links":{"self":[{"href":"https:\/\/berber-shop.de\/index.php?rest_route=\/wp\/v2\/pages\/89","targetHints":{"allow":["GET"]}}],"collection":[{"href":"https:\/\/berber-shop.de\/index.php?rest_route=\/wp\/v2\/pages"}],"about":[{"href":"https:\/\/berber-shop.de\/index.php?rest_route=\/wp\/v2\/types\/page"}],"author":[{"embeddable":true,"href":"https:\/\/berber-shop.de\/index.php?rest_route=\/wp\/v2\/users\/1"}],"replies":[{"embeddable":true,"href":"https:\/\/berber-shop.de\/index.php?rest_route=%2Fwp%2Fv2%2Fcomments&post=89"}],"version-history":[{"count":20,"href":"https:\/\/berber-shop.de\/index.php?rest_route=\/wp\/v2\/pages\/89\/revisions"}],"predecessor-version":[{"id":481,"href":"https:\/\/berber-shop.de\/index.php?rest_route=\/wp\/v2\/pages\/89\/revisions\/481"}],"wp:attachment":[{"href":"https:\/\/berber-shop.de\/index.php?rest_route=%2Fwp%2Fv2%2Fmedia&parent=89"}],"curies":[{"name":"wp","href":"https:\/\/api.w.org\/{rel}","templated":true}]}}