{"id":99,"date":"2017-11-02T17:55:51","date_gmt":"2017-11-02T17:55:51","guid":{"rendered":"http:\/\/berber-shop.de\/?post_type=product&#038;p=99"},"modified":"2026-03-25T16:04:15","modified_gmt":"2026-03-25T16:04:15","slug":"berber-decke-farbe-rost","status":"publish","type":"product","link":"https:\/\/berber-shop.de\/?product=berber-decke-farbe-rost","title":{"rendered":"Berber Decke Farbe Rost"},"content":{"rendered":"<p>All Zweck Berber Decken f\u00fcr den Winter, Fr\u00fchling und Sommer. Ideal f\u00fcr den See, Strand und Ausfl\u00fcge in den Wald oder Park.<\/p>\n<p>100 % Wolle<br \/>\nL\u00e4nge 2 m<br \/>\nBreite 1,20 m<\/p>\n","protected":false},"excerpt":{"rendered":"<p>Berber Decke aus S\u00fcdmarokkos<\/p>\n","protected":false},"featured_media":337,"comment_status":"open","ping_status":"closed","template":"","meta":[],"product_brand":[],"product_cat":[39],"product_tag":[37,35,53,56,58,36],"class_list":{"0":"post-99","1":"product","2":"type-product","3":"status-publish","4":"has-post-thumbnail","6":"product_cat-berberdecken","7":"product_tag-agadir","8":"product_tag-berber","9":"product_tag-berberdecke","10":"product_tag-berberteppich","11":"product_tag-gescheck","12":"product_tag-marokko","14":"first","15":"instock","16":"taxable","17":"shipping-taxable","18":"purchasable","19":"product-type-simple"},"yoast_head":"<!-- This site is optimized with the Yoast SEO plugin v27.4 - https:\/\/yoast.com\/product\/yoast-seo-wordpress\/ -->\n<title>Berber Decke Farbe Rost - BererbShop<\/title>\n<meta name=\"robots\" content=\"index, follow, max-snippet:-1, max-image-preview:large, max-video-preview:-1\" \/>\n<link rel=\"canonical\" href=\"https:\/\/berber-shop.de\/?product=berber-decke-farbe-rost\" \/>\n<meta property=\"og:locale\" content=\"de_DE\" \/>\n<meta property=\"og:type\" content=\"article\" \/>\n<meta property=\"og:title\" content=\"Berber Decke Farbe Rost - BererbShop\" \/>\n<meta property=\"og:description\" content=\"Berber Decke aus S\u00fcdmarokkos\" \/>\n<meta property=\"og:url\" content=\"https:\/\/berber-shop.de\/?product=berber-decke-farbe-rost\" \/>\n<meta property=\"og:site_name\" content=\"BererbShop\" \/>\n<meta property=\"article:modified_time\" content=\"2026-03-25T16:04:15+00:00\" \/>\n<meta property=\"og:image\" content=\"http:\/\/berber-shop.de\/wp-content\/uploads\/2017\/11\/IMG_0161.jpg\" \/>\n\t<meta property=\"og:image:width\" content=\"400\" \/>\n\t<meta property=\"og:image:height\" content=\"600\" \/>\n\t<meta property=\"og:image:type\" content=\"image\/jpeg\" \/>\n<meta name=\"twitter:card\" content=\"summary_large_image\" \/>\n<script type=\"application\/ld+json\" class=\"yoast-schema-graph\">{\"@context\":\"https:\\\/\\\/schema.org\",\"@graph\":[{\"@type\":\"WebPage\",\"@id\":\"https:\\\/\\\/berber-shop.de\\\/?product=berber-decke-farbe-rost\",\"url\":\"https:\\\/\\\/berber-shop.de\\\/?product=berber-decke-farbe-rost\",\"name\":\"Berber Decke Farbe Rost - BererbShop\",\"isPartOf\":{\"@id\":\"https:\\\/\\\/berber-shop.de\\\/#website\"},\"primaryImageOfPage\":{\"@id\":\"https:\\\/\\\/berber-shop.de\\\/?product=berber-decke-farbe-rost#primaryimage\"},\"image\":{\"@id\":\"https:\\\/\\\/berber-shop.de\\\/?product=berber-decke-farbe-rost#primaryimage\"},\"thumbnailUrl\":\"https:\\\/\\\/berber-shop.de\\\/wp-content\\\/uploads\\\/2017\\\/11\\\/IMG_0161.jpg\",\"datePublished\":\"2017-11-02T17:55:51+00:00\",\"dateModified\":\"2026-03-25T16:04:15+00:00\",\"breadcrumb\":{\"@id\":\"https:\\\/\\\/berber-shop.de\\\/?product=berber-decke-farbe-rost#breadcrumb\"},\"inLanguage\":\"de\",\"potentialAction\":[{\"@type\":\"ReadAction\",\"target\":[\"https:\\\/\\\/berber-shop.de\\\/?product=berber-decke-farbe-rost\"]}]},{\"@type\":\"ImageObject\",\"inLanguage\":\"de\",\"@id\":\"https:\\\/\\\/berber-shop.de\\\/?product=berber-decke-farbe-rost#primaryimage\",\"url\":\"https:\\\/\\\/berber-shop.de\\\/wp-content\\\/uploads\\\/2017\\\/11\\\/IMG_0161.jpg\",\"contentUrl\":\"https:\\\/\\\/berber-shop.de\\\/wp-content\\\/uploads\\\/2017\\\/11\\\/IMG_0161.jpg\",\"width\":400,\"height\":600},{\"@type\":\"BreadcrumbList\",\"@id\":\"https:\\\/\\\/berber-shop.de\\\/?product=berber-decke-farbe-rost#breadcrumb\",\"itemListElement\":[{\"@type\":\"ListItem\",\"position\":1,\"name\":\"Startseite\",\"item\":\"https:\\\/\\\/berber-shop.de\\\/\"},{\"@type\":\"ListItem\",\"position\":2,\"name\":\"Shop\",\"item\":\"https:\\\/\\\/berber-shop.de\\\/?page_id=4\"},{\"@type\":\"ListItem\",\"position\":3,\"name\":\"Berber Decke Farbe Rost\"}]},{\"@type\":\"WebSite\",\"@id\":\"https:\\\/\\\/berber-shop.de\\\/#website\",\"url\":\"https:\\\/\\\/berber-shop.de\\\/\",\"name\":\"BererbShop\",\"description\":\"Aus Liebe zur Natur\",\"publisher\":{\"@id\":\"https:\\\/\\\/berber-shop.de\\\/#organization\"},\"potentialAction\":[{\"@type\":\"SearchAction\",\"target\":{\"@type\":\"EntryPoint\",\"urlTemplate\":\"https:\\\/\\\/berber-shop.de\\\/?s={search_term_string}\"},\"query-input\":{\"@type\":\"PropertyValueSpecification\",\"valueRequired\":true,\"valueName\":\"search_term_string\"}}],\"inLanguage\":\"de\"},{\"@type\":\"Organization\",\"@id\":\"https:\\\/\\\/berber-shop.de\\\/#organization\",\"name\":\"BererbShop\",\"url\":\"https:\\\/\\\/berber-shop.de\\\/\",\"logo\":{\"@type\":\"ImageObject\",\"inLanguage\":\"de\",\"@id\":\"https:\\\/\\\/berber-shop.de\\\/#\\\/schema\\\/logo\\\/image\\\/\",\"url\":\"https:\\\/\\\/berber-shop.de\\\/wp-content\\\/uploads\\\/2017\\\/11\\\/Logo_BerberShop-Original-Kopie.png\",\"contentUrl\":\"https:\\\/\\\/berber-shop.de\\\/wp-content\\\/uploads\\\/2017\\\/11\\\/Logo_BerberShop-Original-Kopie.png\",\"width\":200,\"height\":84,\"caption\":\"BererbShop\"},\"image\":{\"@id\":\"https:\\\/\\\/berber-shop.de\\\/#\\\/schema\\\/logo\\\/image\\\/\"}}]}<\/script>\n<!-- \/ Yoast SEO plugin. -->","yoast_head_json":{"title":"Berber Decke Farbe Rost - BererbShop","robots":{"index":"index","follow":"follow","max-snippet":"max-snippet:-1","max-image-preview":"max-image-preview:large","max-video-preview":"max-video-preview:-1"},"canonical":"https:\/\/berber-shop.de\/?product=berber-decke-farbe-rost","og_locale":"de_DE","og_type":"article","og_title":"Berber Decke Farbe Rost - BererbShop","og_description":"Berber Decke aus S\u00fcdmarokkos","og_url":"https:\/\/berber-shop.de\/?product=berber-decke-farbe-rost","og_site_name":"BererbShop","article_modified_time":"2026-03-25T16:04:15+00:00","og_image":[{"width":400,"height":600,"url":"http:\/\/berber-shop.de\/wp-content\/uploads\/2017\/11\/IMG_0161.jpg","type":"image\/jpeg"}],"twitter_card":"summary_large_image","schema":{"@context":"https:\/\/schema.org","@graph":[{"@type":"WebPage","@id":"https:\/\/berber-shop.de\/?product=berber-decke-farbe-rost","url":"https:\/\/berber-shop.de\/?product=berber-decke-farbe-rost","name":"Berber Decke Farbe Rost - BererbShop","isPartOf":{"@id":"https:\/\/berber-shop.de\/#website"},"primaryImageOfPage":{"@id":"https:\/\/berber-shop.de\/?product=berber-decke-farbe-rost#primaryimage"},"image":{"@id":"https:\/\/berber-shop.de\/?product=berber-decke-farbe-rost#primaryimage"},"thumbnailUrl":"https:\/\/berber-shop.de\/wp-content\/uploads\/2017\/11\/IMG_0161.jpg","datePublished":"2017-11-02T17:55:51+00:00","dateModified":"2026-03-25T16:04:15+00:00","breadcrumb":{"@id":"https:\/\/berber-shop.de\/?product=berber-decke-farbe-rost#breadcrumb"},"inLanguage":"de","potentialAction":[{"@type":"ReadAction","target":["https:\/\/berber-shop.de\/?product=berber-decke-farbe-rost"]}]},{"@type":"ImageObject","inLanguage":"de","@id":"https:\/\/berber-shop.de\/?product=berber-decke-farbe-rost#primaryimage","url":"https:\/\/berber-shop.de\/wp-content\/uploads\/2017\/11\/IMG_0161.jpg","contentUrl":"https:\/\/berber-shop.de\/wp-content\/uploads\/2017\/11\/IMG_0161.jpg","width":400,"height":600},{"@type":"BreadcrumbList","@id":"https:\/\/berber-shop.de\/?product=berber-decke-farbe-rost#breadcrumb","itemListElement":[{"@type":"ListItem","position":1,"name":"Startseite","item":"https:\/\/berber-shop.de\/"},{"@type":"ListItem","position":2,"name":"Shop","item":"https:\/\/berber-shop.de\/?page_id=4"},{"@type":"ListItem","position":3,"name":"Berber Decke Farbe Rost"}]},{"@type":"WebSite","@id":"https:\/\/berber-shop.de\/#website","url":"https:\/\/berber-shop.de\/","name":"BererbShop","description":"Aus Liebe zur Natur","publisher":{"@id":"https:\/\/berber-shop.de\/#organization"},"potentialAction":[{"@type":"SearchAction","target":{"@type":"EntryPoint","urlTemplate":"https:\/\/berber-shop.de\/?s={search_term_string}"},"query-input":{"@type":"PropertyValueSpecification","valueRequired":true,"valueName":"search_term_string"}}],"inLanguage":"de"},{"@type":"Organization","@id":"https:\/\/berber-shop.de\/#organization","name":"BererbShop","url":"https:\/\/berber-shop.de\/","logo":{"@type":"ImageObject","inLanguage":"de","@id":"https:\/\/berber-shop.de\/#\/schema\/logo\/image\/","url":"https:\/\/berber-shop.de\/wp-content\/uploads\/2017\/11\/Logo_BerberShop-Original-Kopie.png","contentUrl":"https:\/\/berber-shop.de\/wp-content\/uploads\/2017\/11\/Logo_BerberShop-Original-Kopie.png","width":200,"height":84,"caption":"BererbShop"},"image":{"@id":"https:\/\/berber-shop.de\/#\/schema\/logo\/image\/"}}]}},"_links":{"self":[{"href":"https:\/\/berber-shop.de\/index.php?rest_route=\/wp\/v2\/product\/99","targetHints":{"allow":["GET"]}}],"collection":[{"href":"https:\/\/berber-shop.de\/index.php?rest_route=\/wp\/v2\/product"}],"about":[{"href":"https:\/\/berber-shop.de\/index.php?rest_route=\/wp\/v2\/types\/product"}],"replies":[{"embeddable":true,"href":"https:\/\/berber-shop.de\/index.php?rest_route=%2Fwp%2Fv2%2Fcomments&post=99"}],"wp:featuredmedia":[{"embeddable":true,"href":"https:\/\/berber-shop.de\/index.php?rest_route=\/wp\/v2\/media\/337"}],"wp:attachment":[{"href":"https:\/\/berber-shop.de\/index.php?rest_route=%2Fwp%2Fv2%2Fmedia&parent=99"}],"wp:term":[{"taxonomy":"product_brand","embeddable":true,"href":"https:\/\/berber-shop.de\/index.php?rest_route=%2Fwp%2Fv2%2Fproduct_brand&post=99"},{"taxonomy":"product_cat","embeddable":true,"href":"https:\/\/berber-shop.de\/index.php?rest_route=%2Fwp%2Fv2%2Fproduct_cat&post=99"},{"taxonomy":"product_tag","embeddable":true,"href":"https:\/\/berber-shop.de\/index.php?rest_route=%2Fwp%2Fv2%2Fproduct_tag&post=99"}],"curies":[{"name":"wp","href":"https:\/\/api.w.org\/{rel}","templated":true}]}}